{"id":8494,"date":"2025-04-24T12:59:28","date_gmt":"2025-04-24T10:59:28","guid":{"rendered":"https:\/\/urtikarie.com\/?page_id=8494"},"modified":"2025-10-16T15:59:39","modified_gmt":"2025-10-16T13:59:39","slug":"aviso-legal","status":"publish","type":"page","link":"https:\/\/urtikarie.com\/it\/aviso-legal\/","title":{"rendered":"Aviso Legal"},"content":{"rendered":"<div data-elementor-type=\"wp-page\" data-elementor-id=\"8494\" class=\"elementor elementor-8494\" data-elementor-post-type=\"page\">\n\t\t\t\t<div class=\"elementor-element elementor-element-1ca7ded6 e-flex e-con-boxed qodef-elementor-content-no e-con e-parent\" data-id=\"1ca7ded6\" data-element_type=\"container\" data-e-type=\"container\">\n\t\t\t\t\t<div class=\"e-con-inner\">\n\t\t\t\t<div class=\"elementor-element elementor-element-130fdb8d elementor-widget elementor-widget-text-editor\" data-id=\"130fdb8d\" data-element_type=\"widget\" data-e-type=\"widget\" data-widget_type=\"text-editor.default\">\n\t\t\t\t<div class=\"elementor-widget-container\">\n\t\t\t\t\t\t\t\t\t\n<p class=\"p1\">Este sitio web, <a href=\"https:\/\/urtikarie.com\/it\/\">https:\/\/urtikarie.com<\/a>, es titularidad de <span class=\"s1\"><b>Martina Mefano Fioretti<\/b><\/span>, con DNI 49931678N, domiciliada en Carrer de la Riereta 18, 08001 Barcelona (Espa\u00f1a), tel\u00e9fono +34 666 715 337 y correo <span class=\"s1\"><b>hola@urtikarie.com<\/b><\/span>.<\/p>\n<h2 class=\"wp-block-heading\"><b>Obj<\/b><b>eto<\/b><\/h2>\n<p class=\"p1\">El presente aviso regula el uso del sitio web, incluyendo su contenido, servicios y condiciones de acceso.<\/p>\n<h2><b>Propiedad intelectual<\/b><\/h2>\n<p class=\"p1\">Todo el contenido de esta web, incluidos textos, im\u00e1genes y dise\u00f1o, est\u00e1 protegido por derechos de propiedad intelectual, y no puede reproducirse sin autorizaci\u00f3n expresa.<\/p>\n<h2><b>Responsabilidad<\/b><\/h2>\n<p class=\"p1\">El titular no se hace responsable del mal uso de los contenidos, ni de posibles errores t\u00e9cnicos o enlaces externos rotos.<\/p>\t\t\t\t\t\t\t\t<\/div>\n\t\t\t\t<\/div>\n\t\t\t\t\t<\/div>\n\t\t\t\t<\/div>\n\t\t\t\t<\/div>","protected":false},"excerpt":{"rendered":"<p>Este sitio web, https:\/\/urtikarie.com, es titularidad de Martina Mefano Fioretti, con DNI 49931678N, domiciliada en Carrer de la Riereta 18, 08001 Barcelona (Espa\u00f1a), tel\u00e9fono +34 666 715 337 y correo hola@urtikarie.com. Objeto El presente aviso regula el uso del sitio web, incluyendo su contenido, servicios y condiciones de acceso. Propiedad intelectual Todo el contenido de [&hellip;]<\/p>\n","protected":false},"author":1,"featured_media":0,"parent":0,"menu_order":0,"comment_status":"closed","ping_status":"closed","template":"","meta":{"footnotes":""},"class_list":["post-8494","page","type-page","status-publish","hentry"],"_links":{"self":[{"href":"https:\/\/urtikarie.com\/it\/wp-json\/wp\/v2\/pages\/8494","targetHints":{"allow":["GET"]}}],"collection":[{"href":"https:\/\/urtikarie.com\/it\/wp-json\/wp\/v2\/pages"}],"about":[{"href":"https:\/\/urtikarie.com\/it\/wp-json\/wp\/v2\/types\/page"}],"author":[{"embeddable":true,"href":"https:\/\/urtikarie.com\/it\/wp-json\/wp\/v2\/users\/1"}],"replies":[{"embeddable":true,"href":"https:\/\/urtikarie.com\/it\/wp-json\/wp\/v2\/comments?post=8494"}],"version-history":[{"count":7,"href":"https:\/\/urtikarie.com\/it\/wp-json\/wp\/v2\/pages\/8494\/revisions"}],"predecessor-version":[{"id":9224,"href":"https:\/\/urtikarie.com\/it\/wp-json\/wp\/v2\/pages\/8494\/revisions\/9224"}],"wp:attachment":[{"href":"https:\/\/urtikarie.com\/it\/wp-json\/wp\/v2\/media?parent=8494"}],"curies":[{"name":"wp","href":"https:\/\/api.w.org\/{rel}","templated":true}]}}