{"id":8489,"date":"2025-04-24T12:57:22","date_gmt":"2025-04-24T10:57:22","guid":{"rendered":"https:\/\/urtikarie.com\/?page_id=8489"},"modified":"2025-04-24T12:58:45","modified_gmt":"2025-04-24T10:58:45","slug":"politica-de-cookies","status":"publish","type":"page","link":"https:\/\/urtikarie.com\/it\/politica-de-cookies\/","title":{"rendered":"Pol\u00edtica de Cookies"},"content":{"rendered":"<div data-elementor-type=\"wp-page\" data-elementor-id=\"8489\" class=\"elementor elementor-8489\" data-elementor-post-type=\"page\">\n\t\t\t\t<div class=\"elementor-element elementor-element-1ca7ded6 e-flex e-con-boxed qodef-elementor-content-no e-con e-parent\" data-id=\"1ca7ded6\" data-element_type=\"container\" data-e-type=\"container\">\n\t\t\t\t\t<div class=\"e-con-inner\">\n\t\t\t\t<div class=\"elementor-element elementor-element-130fdb8d elementor-widget elementor-widget-text-editor\" data-id=\"130fdb8d\" data-element_type=\"widget\" data-e-type=\"widget\" data-widget_type=\"text-editor.default\">\n\t\t\t\t<div class=\"elementor-widget-container\">\n\t\t\t\t\t\t\t\t\t\n<p class=\"p1\">Este sitio web utiliza cookies propias y de terceros para mejorar tu experiencia de navegaci\u00f3n y realizar an\u00e1lisis estad\u00edsticos.<\/p>\n<h2 class=\"wp-block-heading\"><b>\u00bfQu\u00e9 son las cookies?<\/b><\/h2>\n<p class=\"p1\">Una cookie es un archivo que se descarga en tu ordenador al acceder a determinadas p\u00e1ginas web. Las cookies permiten, entre otras cosas, recordar tus preferencias, realizar an\u00e1lisis estad\u00edsticos, o facilitar el acceso a funciones como el carrito de compra.<\/p>\n<h2><b>Tipos de cookies utilizadas<\/b><\/h2>\n<p class=\"p1\"><span class=\"s1\"><b>Cookies t\u00e9cnicas<\/b><\/span>: necesarias para el funcionamiento b\u00e1sico de la web.<\/p>\n<p class=\"p1\"><span class=\"s1\"><b>Cookies de an\u00e1lisis<\/b><\/span>: nos ayudan a saber c\u00f3mo navegan los usuarios.<\/p>\n<p class=\"p1\"><span class=\"s1\"><b>Cookies de terceros<\/b><\/span>: como Google Analytics o YouTube.<\/p>\n<h2><b>\u00bfC\u00f3mo gestionar las cookies?<\/b><\/h2>\n<p class=\"p1\">Puedes configurar tu navegador para aceptar o rechazar cookies, o eliminarlas una vez hayas terminado de navegar. Al continuar navegando por esta web, se entiende que aceptas su uso.<\/p>\t\t\t\t\t\t\t\t<\/div>\n\t\t\t\t<\/div>\n\t\t\t\t\t<\/div>\n\t\t\t\t<\/div>\n\t\t\t\t<\/div>","protected":false},"excerpt":{"rendered":"<p>Este sitio web utiliza cookies propias y de terceros para mejorar tu experiencia de navegaci\u00f3n y realizar an\u00e1lisis estad\u00edsticos. \u00bfQu\u00e9 son las cookies? Una cookie es un archivo que se descarga en tu ordenador al acceder a determinadas p\u00e1ginas web. Las cookies permiten, entre otras cosas, recordar tus preferencias, realizar an\u00e1lisis estad\u00edsticos, o facilitar el [&hellip;]<\/p>\n","protected":false},"author":1,"featured_media":0,"parent":0,"menu_order":0,"comment_status":"closed","ping_status":"closed","template":"","meta":{"footnotes":""},"class_list":["post-8489","page","type-page","status-publish","hentry"],"_links":{"self":[{"href":"https:\/\/urtikarie.com\/it\/wp-json\/wp\/v2\/pages\/8489","targetHints":{"allow":["GET"]}}],"collection":[{"href":"https:\/\/urtikarie.com\/it\/wp-json\/wp\/v2\/pages"}],"about":[{"href":"https:\/\/urtikarie.com\/it\/wp-json\/wp\/v2\/types\/page"}],"author":[{"embeddable":true,"href":"https:\/\/urtikarie.com\/it\/wp-json\/wp\/v2\/users\/1"}],"replies":[{"embeddable":true,"href":"https:\/\/urtikarie.com\/it\/wp-json\/wp\/v2\/comments?post=8489"}],"version-history":[{"count":4,"href":"https:\/\/urtikarie.com\/it\/wp-json\/wp\/v2\/pages\/8489\/revisions"}],"predecessor-version":[{"id":8493,"href":"https:\/\/urtikarie.com\/it\/wp-json\/wp\/v2\/pages\/8489\/revisions\/8493"}],"wp:attachment":[{"href":"https:\/\/urtikarie.com\/it\/wp-json\/wp\/v2\/media?parent=8489"}],"curies":[{"name":"wp","href":"https:\/\/api.w.org\/{rel}","templated":true}]}}