{"id":9293,"date":"2025-10-17T10:37:03","date_gmt":"2025-10-17T08:37:03","guid":{"rendered":"https:\/\/urtikarie.com\/?page_id=9293"},"modified":"2025-11-15T00:49:27","modified_gmt":"2025-11-14T23:49:27","slug":"artista-visual-barcelona","status":"publish","type":"page","link":"https:\/\/urtikarie.com\/en\/artista-visual-barcelona\/","title":{"rendered":"IT'S ME"},"content":{"rendered":"<div data-elementor-type=\"wp-page\" data-elementor-id=\"9293\" class=\"elementor elementor-9293\" data-elementor-post-type=\"page\">\n\t\t\t\t\t\t<section class=\"elementor-section elementor-top-section elementor-element elementor-element-855771a elementor-section-full_width qodef-elementor-content-grid elementor-section-height-default elementor-section-height-default\" data-id=\"855771a\" data-element_type=\"section\" data-e-type=\"section\">\n\t\t\t\t\t\t<div class=\"elementor-container elementor-column-gap-default\">\n\t\t\t\t\t<div class=\"elementor-column elementor-col-50 elementor-top-column elementor-element elementor-element-c44c53c\" data-id=\"c44c53c\" data-element_type=\"column\" data-e-type=\"column\">\n\t\t\t<div class=\"elementor-widget-wrap elementor-element-populated\">\n\t\t\t\t\t\t<div class=\"elementor-element elementor-element-8623dbe elementor-widget-tablet__width-auto elementor-widget__width-initial elementor-widget elementor-widget-eldon_core_single_image\" data-id=\"8623dbe\" data-element_type=\"widget\" data-e-type=\"widget\" data-settings=\"{&quot;_animation&quot;:&quot;none&quot;}\" data-widget_type=\"eldon_core_single_image.default\">\n\t\t\t\t<div class=\"elementor-widget-container\">\n\t\t\t\t\t<div class=\"qodef-shortcode qodef-m qodef-single-image qodef-layout--default qodef--mouse-control-holder\" data-move-limit=\"30\">\n\t<div class=\"qodef-m-image qodef--mouse-control-item\">\n\t\t\t<img fetchpriority=\"high\" decoding=\"async\" width=\"800\" height=\"645\" src=\"https:\/\/urtikarie.com\/wp-content\/uploads\/2025\/07\/BrowserPreview_tmp-1.gif\" class=\"attachment-full size-full\" alt=\"artista visual y serigrafista\" \/>\t<\/div>\n<\/div>\n\t\t\t\t<\/div>\n\t\t\t\t<\/div>\n\t\t\t\t\t<\/div>\n\t\t<\/div>\n\t\t\t\t<div class=\"elementor-column elementor-col-50 elementor-top-column elementor-element elementor-element-6c4e22e\" data-id=\"6c4e22e\" data-element_type=\"column\" data-e-type=\"column\">\n\t\t\t<div class=\"elementor-widget-wrap elementor-element-populated\">\n\t\t\t\t\t\t<div class=\"elementor-element elementor-element-2d3f846 elementor-widget elementor-widget-heading\" data-id=\"2d3f846\" data-element_type=\"widget\" data-e-type=\"widget\" data-widget_type=\"heading.default\">\n\t\t\t\t<div class=\"elementor-widget-container\">\n\t\t\t\t\t<h1 class=\"elementor-heading-title elementor-size-default\">ABOUT ME AS A VISUAL ARTIST AND SCREEN PRINTER<\/h1>\t\t\t\t<\/div>\n\t\t\t\t<\/div>\n\t\t\t\t<div class=\"elementor-element elementor-element-789e4ce elementor-widget elementor-widget-text-editor\" data-id=\"789e4ce\" data-element_type=\"widget\" data-e-type=\"widget\" data-widget_type=\"text-editor.default\">\n\t\t\t\t<div class=\"elementor-widget-container\">\n\t\t\t\t\t\t\t\t\t<p>Martina is <strong>a visual artist<\/strong> and <strong>screen prints<\/strong> everything, and explores the imaginary with her brand <strong>Urtikarie<\/strong>.<\/p><p>This project focuses on experimentation and collaboration with other disciplines, adding traditional analog processes in contemporary contexts.<\/p><p>She currently runs\u00a0<strong>screen printing and drawing workshops<\/strong> aimed at younger generations, sharing \u00a0<strong>design and screen printing <\/strong>as tools for collective and independent <strong>communication and expression.<\/strong>.<\/p>\t\t\t\t\t\t\t\t<\/div>\n\t\t\t\t<\/div>\n\t\t\t\t\t<\/div>\n\t\t<\/div>\n\t\t\t\t\t<\/div>\n\t\t<\/section>\n\t\t<div class=\"elementor-element elementor-element-1f9fd1b e-flex e-con-boxed qodef-elementor-content-no e-con e-parent\" data-id=\"1f9fd1b\" data-element_type=\"container\" data-e-type=\"container\">\n\t\t\t\t\t<div class=\"e-con-inner\">\n\t\t\t\t<div class=\"elementor-element elementor-element-45a9600 elementor-widget elementor-widget-text-editor\" data-id=\"45a9600\" data-element_type=\"widget\" data-e-type=\"widget\" data-widget_type=\"text-editor.default\">\n\t\t\t\t<div class=\"elementor-widget-container\">\n\t\t\t\t\t\t\t\t\t<p>Tambi\u00e9n me puedes encontrar aqu\u00ed:<\/p><p><strong><a href=\"https:\/\/vein.es\/sustainable-challenge-2025-collective-mending-with-amy-twigger-holroyd\/\" target=\"_blank\" rel=\"noopener\">Vein Magazine 2025<\/a><\/strong><\/p><p><strong><a href=\"https:\/\/www.dissenyhub.barcelona\/es\/actividad\/sustainable-challenge-2025-fashion-show\" target=\"_blank\" rel=\"noopener\">Disseny Hub Sustainable Challenge 2025<\/a><\/strong><\/p><p><strong><a href=\"https:\/\/www.rtve.es\/play\/audios\/hoy-empieza-todo\/hoy-empieza-todo-gente-trabaja-festival-ravals-2025-07-11-25\/16806195\/\" target=\"_blank\" rel=\"noopener\">RADIO3 &#8211; Hoy empieza todo 2025<\/a><\/strong><br \/><strong><a href=\"https:\/\/www.mataroartcontemporani.cat\/seccio\/artistes-6\/\" target=\"_blank\" rel=\"noopener\">MAC (Matar\u00f3 Art Contemporani) 2024<\/a><\/strong><\/p>\t\t\t\t\t\t\t\t<\/div>\n\t\t\t\t<\/div>\n\t\t\t\t\t<\/div>\n\t\t\t\t<\/div>\n\t\t<div class=\"elementor-element elementor-element-9b3ea81 e-con-full e-flex qodef-elementor-content-no e-con e-parent\" data-id=\"9b3ea81\" data-element_type=\"container\" data-e-type=\"container\">\n\t\t\t\t<div class=\"elementor-element elementor-element-090a33c elementor-widget__width-inherit elementor-widget elementor-widget-shortcode\" data-id=\"090a33c\" data-element_type=\"widget\" data-e-type=\"widget\" data-widget_type=\"shortcode.default\">\n\t\t\t\t<div class=\"elementor-widget-container\">\n\t\t\t\t\t\t\t<div class=\"elementor-shortcode\">\t\t<div data-elementor-type=\"page\" data-elementor-id=\"9255\" class=\"elementor elementor-9255\" data-elementor-post-type=\"elementor_library\">\n\t\t\t\t<div class=\"elementor-element elementor-element-2ff97284 e-con-full e-flex qodef-elementor-content-no e-con e-parent\" data-id=\"2ff97284\" data-element_type=\"container\" data-e-type=\"container\">\n\t\t<div class=\"elementor-element elementor-element-24ec93 e-con-full e-flex qodef-elementor-content-no e-con e-child\" data-id=\"24ec93\" data-element_type=\"container\" data-e-type=\"container\">\n\t\t\t\t<div class=\"elementor-element elementor-element-290fac27 elementor-widget elementor-widget-theme-site-logo elementor-widget-image\" data-id=\"290fac27\" data-element_type=\"widget\" data-e-type=\"widget\" data-widget_type=\"theme-site-logo.default\">\n\t\t\t\t<div class=\"elementor-widget-container\">\n\t\t\t\t\t\t\t\t\t\t\t<a href=\"https:\/\/urtikarie.com\/en\">\r\n\t\t\t<img decoding=\"async\" src=\"https:\/\/urtikarie.com\/wp-content\/uploads\/elementor\/thumbs\/cropped-LOGO-URTIKARIE-Vectorizado-01-scaled-1-r8k26rqlvv2cj4mto7qlzmrgohunuqyly0gxedajdi.png\" title=\"LOGO URTIKARIE Vectorizado-01\" alt=\"LOGO URTIKARIE Vectorizado-01\" loading=\"lazy\" \/>\t\t\t\t<\/a>\r\n\t\t\t\t\t\t\t\t\t\t\t<\/div>\n\t\t\t\t<\/div>\n\t\t\t\t<div class=\"elementor-element elementor-element-ebebe71 elementor-widget elementor-widget-text-editor\" data-id=\"ebebe71\" data-element_type=\"widget\" data-e-type=\"widget\" data-widget_type=\"text-editor.default\">\n\t\t\t\t<div class=\"elementor-widget-container\">\n\t\t\t\t\t\t\t\t\t<div class=\"qodef-grid-item\"><div id=\"block-17\" class=\"widget widget_block widget_text\" data-area=\"qodef-footer-top-area-column-1\"><p class=\"has-text-align-center\" style=\"text-align: center;\">Riereta Street 18,<br \/>2nd floor<br \/>08001 \u2013 Barcelona<\/p><\/div><div id=\"block-18\" class=\"widget widget_block widget_text\" style=\"text-align: center;\" data-area=\"qodef-footer-top-area-column-1\"><p class=\"has-text-align-center\"><a href=\"mailto:hola@urtikarie.com\" target=\"_blank\" rel=\"noreferrer noopener\">hola@urtikarie.com<\/a><\/p><\/div><\/div><div class=\"qodef-grid-item\"><div id=\"eldon_core_contact_form_7-4\" class=\"widget widget_eldon_core_contact_form_7\" style=\"text-align: center;\" data-area=\"qodef-footer-top-area-column-2\">\u00a0<\/div><\/div>\t\t\t\t\t\t\t\t<\/div>\n\t\t\t\t<\/div>\n\t\t\t\t<\/div>\n\t\t<div class=\"elementor-element elementor-element-67da939 e-con-full e-flex qodef-elementor-content-no e-con e-child\" data-id=\"67da939\" data-element_type=\"container\" data-e-type=\"container\">\n\t\t\t\t<div class=\"elementor-element elementor-element-5f8d20d6 elementor-widget elementor-widget-heading\" data-id=\"5f8d20d6\" data-element_type=\"widget\" data-e-type=\"widget\" data-widget_type=\"heading.default\">\n\t\t\t\t<div class=\"elementor-widget-container\">\n\t\t\t\t\t<h2 class=\"elementor-heading-title elementor-size-default\">Subscribe to our Newsletter<\/h2>\t\t\t\t<\/div>\n\t\t\t\t<\/div>\n\t\t\t\t<div class=\"elementor-element elementor-element-ec8fb99 elementor-widget__width-initial elementor-widget elementor-widget-qi_addons_for_elementor_contact_form_7\" data-id=\"ec8fb99\" data-element_type=\"widget\" data-e-type=\"widget\" data-widget_type=\"qi_addons_for_elementor_contact_form_7.default\">\n\t\t\t\t<div class=\"elementor-widget-container\">\n\t\t\t\t\t<div class=\"qodef-shortcode qodef-m qodef-qi-contact-form-7\">\n\t\n<div class=\"wpcf7 no-js\" id=\"wpcf7-f211-o1\" lang=\"en-US\" dir=\"ltr\" data-wpcf7-id=\"211\">\n<div class=\"screen-reader-response\"><p role=\"status\" aria-live=\"polite\" aria-atomic=\"true\"><\/p> <ul><\/ul><\/div>\n<form action=\"\/en\/wp-json\/wp\/v2\/pages\/9293#wpcf7-f211-o1\" method=\"post\" class=\"wpcf7-form init\" aria-label=\"Contact form\" novalidate=\"novalidate\" data-status=\"init\" data-trp-original-action=\"\/en\/wp-json\/wp\/v2\/pages\/9293#wpcf7-f211-o1\">\n<fieldset class=\"hidden-fields-container\"><input type=\"hidden\" name=\"_wpcf7\" value=\"211\" \/><input type=\"hidden\" name=\"_wpcf7_version\" value=\"6.1.5\" \/><input type=\"hidden\" name=\"_wpcf7_locale\" value=\"en_US\" \/><input type=\"hidden\" name=\"_wpcf7_unit_tag\" value=\"wpcf7-f211-o1\" \/><input type=\"hidden\" name=\"_wpcf7_container_post\" value=\"0\" \/><input type=\"hidden\" name=\"_wpcf7_posted_data_hash\" value=\"\" \/><input type=\"hidden\" name=\"_wpcf7_recaptcha_response\" value=\"\" \/>\n<\/fieldset>\n<label>Name\n    <span class=\"wpcf7-form-control-wrap\" data-name=\"your-name\"><input size=\"40\" maxlength=\"400\" class=\"wpcf7-form-control wpcf7-text wpcf7-validates-as-required\" aria-required=\"true\" aria-invalid=\"false\" placeholder=\"Your Name\" value=\"\" type=\"text\" name=\"your-name\" \/><\/span>\n  <\/label>\n\n  <label>Mail\n    <span class=\"wpcf7-form-control-wrap\" data-name=\"your-email\"><input size=\"40\" maxlength=\"400\" class=\"wpcf7-form-control wpcf7-email wpcf7-validates-as-required wpcf7-text wpcf7-validates-as-email\" aria-required=\"true\" aria-invalid=\"false\" placeholder=\"User\" value=\"\" type=\"email\" name=\"your-email\" \/><\/span>\n  <\/label>\n\n  <button class=\"wpcf7-form-control wpcf7-submit qodef-button qodef-size--normal qodef-layout--filled qodef-m\" type=\"submit\"><span class=\"qodef-m-text\">SUBSCRIBE<\/span><\/button><p style=\"display: none !important;\" class=\"akismet-fields-container\" data-prefix=\"_wpcf7_ak_\"><label>&#916;<textarea name=\"_wpcf7_ak_hp_textarea\" cols=\"45\" rows=\"8\" maxlength=\"100\"><\/textarea><\/label><input type=\"hidden\" id=\"ak_js_1\" name=\"_wpcf7_ak_js\" value=\"209\"\/><script>document.getElementById( \"ak_js_1\" ).setAttribute( \"value\", ( new Date() ).getTime() );<\/script><\/p><div class=\"wpcf7-response-output\" aria-hidden=\"true\"><\/div>\n<input type=\"hidden\" name=\"trp-form-language\" value=\"en\"\/><\/form>\n<\/div>\n<\/div>\n\t\t\t\t<\/div>\n\t\t\t\t<\/div>\n\t\t\t\t<\/div>\n\t\t<div class=\"elementor-element elementor-element-a28560c e-con-full e-flex qodef-elementor-content-no e-con e-child\" data-id=\"a28560c\" data-element_type=\"container\" data-e-type=\"container\">\n\t\t\t\t<div class=\"elementor-element elementor-element-10aa0094 elementor-widget elementor-widget-heading\" data-id=\"10aa0094\" data-element_type=\"widget\" data-e-type=\"widget\" data-widget_type=\"heading.default\">\n\t\t\t\t<div class=\"elementor-widget-container\">\n\t\t\t\t\t<h2 class=\"elementor-heading-title elementor-size-default\">GRANTS<\/h2>\t\t\t\t<\/div>\n\t\t\t\t<\/div>\n\t\t\t\t<div class=\"elementor-element elementor-element-813e8b7 elementor-widget elementor-widget-text-editor\" data-id=\"813e8b7\" data-element_type=\"widget\" data-e-type=\"widget\" data-widget_type=\"text-editor.default\">\n\t\t\t\t<div class=\"elementor-widget-container\">\n\t\t\t\t\t\t\t\t\t<div id=\"block-37\" class=\"widget widget_block\" data-area=\"qodef-footer-top-area-column-3\"><div class=\"wp-block-qi-blocks-advanced-text qodef-block-container qodef-widget-block-39355cb2\"><div class=\"qi-block-advanced-text qodef-block qodef-m\"><p>Funded by the European Union<br \/>Next Generation EU<\/p><\/div><\/div><\/div>\t\t\t\t\t\t\t\t<\/div>\n\t\t\t\t<\/div>\n\t\t\t\t<div class=\"elementor-element elementor-element-5b57af56 elementor-widget elementor-widget-image\" data-id=\"5b57af56\" data-element_type=\"widget\" data-e-type=\"widget\" data-widget_type=\"image.default\">\n\t\t\t\t<div class=\"elementor-widget-container\">\n\t\t\t\t\t\t\t\t\t\t\t\t\t\t\t<img decoding=\"async\" width=\"718\" height=\"375\" src=\"https:\/\/urtikarie.com\/wp-content\/uploads\/2025\/04\/Recurso-2@2x.png\" class=\"attachment-full size-full wp-image-8485\" alt=\"\" srcset=\"https:\/\/urtikarie.com\/wp-content\/uploads\/2025\/04\/Recurso-2@2x.png 718w, https:\/\/urtikarie.com\/wp-content\/uploads\/2025\/04\/Recurso-2@2x-300x157.png 300w, https:\/\/urtikarie.com\/wp-content\/uploads\/2025\/04\/Recurso-2@2x-600x313.png 600w\" sizes=\"(max-width: 718px) 100vw, 718px\" \/>\t\t\t\t\t\t\t\t\t\t\t\t\t\t\t<\/div>\n\t\t\t\t<\/div>\n\t\t\t\t<\/div>\n\t\t\t\t<\/div>\n\t\t<div class=\"elementor-element elementor-element-6a607977 e-con-full e-flex qodef-elementor-content-no e-con e-parent\" data-id=\"6a607977\" data-element_type=\"container\" data-e-type=\"container\" data-settings=\"{&quot;background_background&quot;:&quot;classic&quot;}\">\n\t\t\t\t<div class=\"elementor-element elementor-element-618b31ac elementor-widget elementor-widget-text-editor\" data-id=\"618b31ac\" data-element_type=\"widget\" data-e-type=\"widget\" data-widget_type=\"text-editor.default\">\n\t\t\t\t<div class=\"elementor-widget-container\">\n\t\t\t\t\t\t\t\t\t<p style=\"text-align: center; color: #000000;\">\n  <a href=\"https:\/\/urtikarie.com\/en\/politica-de-cookies\/\" style=\"color: #000000; text-decoration: none;\">Cookie Policy<\/a>  |  \n  <a href=\"https:\/\/urtikarie.com\/en\/politica-de-privacidad\/\" style=\"color: #000000; text-decoration: none;\">Privacy Policy<\/a>  |  \n  <a href=\"https:\/\/urtikarie.com\/en\/aviso-legal\/\" style=\"color: #000000; text-decoration: none;\">Legal Notice<\/a>\n<\/p>\n\n<p style=\"text-align: center; color: #000000;\">\n \u00a9 2025 Urtikarie \u2013 All rights reserved | Website built by <a style=\"color: #000000;\" href=\"https:\/\/boixdesign.com\" target=\"_blank\" rel=\"noopener\">Boix Design<\/a><\/span><\/p>\t\t\t\t\t\t\t\t<\/div>\n\t\t\t\t<\/div>\n\t\t\t\t<\/div>\n\t\t\t\t<\/div>\n\t\t<\/div>\n\t\t\t\t\t\t<\/div>\n\t\t\t\t<\/div>\n\t\t\t\t<\/div>\n\t\t\t\t<\/div>","protected":false},"excerpt":{"rendered":"<p>Sobre m\u00ed como artista visual y serigrafista Martina es artista visual y serigraf\u00eda de todo, explora su imaginario, con la marca Urtikarie. El proyecto se centra en la experimentaci\u00f3n y en colaborar con otras disciplinas, a\u00f1adiendo procesos anal\u00f3gicos tradicionales en contextos contempor\u00e1neos. Actualmente hace\u00a0talleres de serigraf\u00eda y dibujo dirigidos a las nuevas generaciones, donde comparte [&hellip;]<\/p>\n","protected":false},"author":1,"featured_media":0,"parent":0,"menu_order":0,"comment_status":"closed","ping_status":"closed","template":"page-full-width.php","meta":{"footnotes":""},"class_list":["post-9293","page","type-page","status-publish","hentry"],"_links":{"self":[{"href":"https:\/\/urtikarie.com\/en\/wp-json\/wp\/v2\/pages\/9293","targetHints":{"allow":["GET"]}}],"collection":[{"href":"https:\/\/urtikarie.com\/en\/wp-json\/wp\/v2\/pages"}],"about":[{"href":"https:\/\/urtikarie.com\/en\/wp-json\/wp\/v2\/types\/page"}],"author":[{"embeddable":true,"href":"https:\/\/urtikarie.com\/en\/wp-json\/wp\/v2\/users\/1"}],"replies":[{"embeddable":true,"href":"https:\/\/urtikarie.com\/en\/wp-json\/wp\/v2\/comments?post=9293"}],"version-history":[{"count":30,"href":"https:\/\/urtikarie.com\/en\/wp-json\/wp\/v2\/pages\/9293\/revisions"}],"predecessor-version":[{"id":9460,"href":"https:\/\/urtikarie.com\/en\/wp-json\/wp\/v2\/pages\/9293\/revisions\/9460"}],"wp:attachment":[{"href":"https:\/\/urtikarie.com\/en\/wp-json\/wp\/v2\/media?parent=9293"}],"curies":[{"name":"wp","href":"https:\/\/api.w.org\/{rel}","templated":true}]}}